{"id":10,"date":"2026-02-24T10:26:57","date_gmt":"2026-02-24T09:26:57","guid":{"rendered":"https:\/\/manuals.bio-circle.de\/backend\/?page_id=10"},"modified":"2026-04-15T08:55:12","modified_gmt":"2026-04-15T06:55:12","slug":"bedienungsanleitungen-als-pdfs-zum-download","status":"publish","type":"page","link":"https:\/\/manuals.bio-circle.de\/backend\/","title":{"rendered":"Bedienungsanleitungen als PDFs zum Download"},"content":{"rendered":"<div class=\"wpb-content-wrapper\"><p>[vc_section el_class=&#8220;container&#8220;][vc_row css=&#8220;.vc_custom_1773920993127{margin-top: 20px !important;}&#8220;][vc_column][vc_column_text css=&#8220;&#8220;]<\/p>\n<h2 style=\"text-align: center; margin-bottom: 5px;\">So finden Sie Ihre Bedienungsanleitung:<\/h2>\n<p style=\"text-align: center;\">Das Typenschild finden Sie auf Ihrer Maschine<\/p>\n<p>[\/vc_column_text][\/vc_column][\/vc_row][vc_row][vc_column width=&#8220;1\/3&#8243;][\/vc_column][vc_column width=&#8220;1\/3&#8243;][vc_single_image image=&#8220;137&#8243; img_size=&#8220;full&#8220; alignment=&#8220;center&#8220; onclick=&#8220;link_image&#8220; css=&#8220;.vc_custom_1773921999416{margin-bottom: 0px !important;}&#8220;][\/vc_column][vc_column width=&#8220;1\/3&#8243;][\/vc_column][\/vc_row][vc_row css=&#8220;.vc_custom_1773928455368{margin-top: 10px !important;margin-bottom: 30px !important;}&#8220;][vc_column][vc_column_text css=&#8220;.vc_custom_1773924855847{margin-bottom: 20px !important;}&#8220;]<\/p>\n<p style=\"text-align: center;\">Geben Sie den <span style=\"color: #00b15a;\">Namen<\/span> und das <span style=\"color: #00b15a;\">Jahr<\/span> Ihrer Maschine in das Suchfeld ein.<br \/>\nAlternativ k\u00f6nnen Sie \u00fcber die Bilder Ihr Produkt finden.<\/p>\n<p>[\/vc_column_text][\/vc_column][\/vc_row][vc_row][vc_column][vc_column_text css=&#8220;&#8220;]<\/p>\n\n<div class=\"lagroup-archive\" data-folder=\"5\">\n\n  <div class=\"lagroup-search\">\n  <input type=\"search\" placeholder=\"Verzeichnis durchsuchen\u2026\">\n  <\/div>\n\n\n<div class=\"lagroup-archive-header\">\n\n<div class=\"lagroup-breadcrumb\"><\/div>\n\n<h2>Bedienungsanleitungen<\/h2>\n\n\n\n<\/div>\n\n\n<div class=\"lagroup-archive-toolbar\">\n\n\n  <div class=\"lagroup-archive-toolbar\">\n\n  <div class=\"lagroup-left\">\n\n    <span class=\"lagroup-file-count\"><\/span>\n\n  <\/div>\n\n  <div class=\"lagroup-right\">\n\n    <button class=\"lagroup-download-zip\" style=\"display: none;\">ZIP Download<\/button>\n\n  <\/div>\n\n  <\/div>\n\n  <div class=\"lagroup-view-toggle\">\n  <button data-view=\"grid\">Grid<\/button>\n  <button data-view=\"list\">Liste<\/button>\n  <\/div>\n\n<\/div>\n\n\n<div class=\"lagroup-files\"><\/div>\n\n<div class=\"lagroup-subfolders\"><\/div>\n\n\n<\/div>\n\n\n\n\n<p>[\/vc_column_text][\/vc_column][\/vc_row][vc_row][vc_column][vc_separator color=&#8220;custom&#8220; css=&#8220;&#8220; accent_color=&#8220;#00B15A&#8220;][\/vc_column][\/vc_row][vc_row css_animation=&#8220;none&#8220; el_class=&#8220;container&#8220;][vc_column][vc_column_text css=&#8220;&#8220;]<\/p>\n<p style=\"font-size: 28px; font-weight: 600; text-align: center;\">Nicht das Richtige gefunden?<\/p>\n<p style=\"font-size: 15px; font-weight: 400; text-align: center;\">Wir helfen Ihnen gerne!<\/p>\n<p>[\/vc_column_text][vc_row_inner equal_height=&#8220;yes&#8220; gap=&#8220;20&#8243;][vc_column_inner width=&#8220;1\/3&#8243; css=&#8220;.vc_custom_1772708509291{padding-top: 20px !important;padding-right: 20px !important;padding-bottom: 20px !important;padding-left: 20px !important;background-color: #E8E8E8 !important;border-radius: 10px !important;}&#8220;][vc_column_text css=&#8220;&#8220;]<span style=\"color: #00b15a;\">Wie k\u00f6nnen wir helfen?<\/span><\/p>\n<p>Haben Sie Fragen oder ben\u00f6tigen Sie weitere Informationen? Z\u00f6gern Sie nicht, uns telefonisch oder per E-Mail zu kontaktieren. Unser Team steht Ihnen gerne zur Verf\u00fcgung und freut sich darauf, Ihnen mit Rat und Tat zur Seite zu stehen.[\/vc_column_text][\/vc_column_inner][vc_column_inner width=&#8220;1\/3&#8243; css=&#8220;.vc_custom_1772708514066{padding-top: 20px !important;padding-right: 20px !important;padding-bottom: 20px !important;padding-left: 20px !important;background-color: #E8E8E8 !important;border-radius: 10px !important;}&#8220;][vc_column_text css=&#8220;&#8220;]<span style=\"color: #00b15a;\">Kontakt<\/span><\/p>\n<p>Ihr Bio-Circle Team<br \/>\nist kostenlos erreichbar.<\/p>\n<p>Tel.: <span style=\"color: #00b15a;\">+49 (0)5241 9443-0<\/span><br \/>\nMail: <a style=\"color: #00b15a;\" href=\"mailto:kontakt@bio-circle.de\">kontakt@bio-circle.de<\/a>[\/vc_column_text][\/vc_column_inner][vc_column_inner width=&#8220;1\/3&#8243; css=&#8220;.vc_custom_1772708519466{padding-top: 20px !important;padding-right: 20px !important;padding-bottom: 20px !important;padding-left: 20px !important;background-color: #E8E8E8 !important;border-radius: 10px !important;}&#8220;][vc_column_text css=&#8220;&#8220;]<span style=\"color: #00b15a;\">Wir sind f\u00fcr Sie da!<\/span><\/p>\n<p>Montag \u2013 Donnerstag<br \/>\n7.30 bis 16.30 Uhr<\/p>\n<p>Freitag<br \/>\n7.30 bis 15.00 Uhr[\/vc_column_text][\/vc_column_inner][\/vc_row_inner][\/vc_column][\/vc_row][\/vc_section]<\/p>\n<\/div>","protected":false},"excerpt":{"rendered":"<p>[vc_section el_class=&#8220;container&#8220;][vc_row css=&#8220;.vc_custom_1773920993127{margin-top: 20px !important;}&#8220;][vc_column][vc_column_text css=&#8220;&#8220;] So finden Sie Ihre Bedienungsanleitung: Das Typenschild finden Sie auf Ihrer Maschine [\/vc_column_text][\/vc_column][\/vc_row][vc_row][vc_column width=&#8220;1\/3&#8243;][\/vc_column][vc_column width=&#8220;1\/3&#8243;][vc_single_image image=&#8220;137&#8243; img_size=&#8220;full&#8220; alignment=&#8220;center&#8220; onclick=&#8220;link_image&#8220; css=&#8220;.vc_custom_1773921999416{margin-bottom: 0px !important;}&#8220;][\/vc_column][vc_column width=&#8220;1\/3&#8243;][\/vc_column][\/vc_row][vc_row css=&#8220;.vc_custom_1773928455368{margin-top: 10px !important;margin-bottom: 30px !important;}&#8220;][vc_column][vc_column_text css=&#8220;.vc_custom_1773924855847{margin-bottom: 20px !important;}&#8220;] Geben Sie den Namen und das Jahr Ihrer Maschine in das Suchfeld ein. Alternativ k\u00f6nnen Sie \u00fcber die [&hellip;]<\/p>\n","protected":false},"author":1,"featured_media":0,"parent":0,"menu_order":0,"comment_status":"closed","ping_status":"closed","template":"","meta":{"footnotes":""},"class_list":["post-10","page","type-page","status-publish","hentry"],"yoast_head":"<!-- This site is optimized with the Yoast SEO plugin v27.0 - https:\/\/yoast.com\/product\/yoast-seo-wordpress\/ -->\n<title>Bedienungsanleitungen als PDFs zum Download - Bio-Circle.de User Manuals &amp; Guides<\/title>\n<meta name=\"robots\" content=\"index, follow, max-snippet:-1, max-image-preview:large, max-video-preview:-1\" \/>\n<link rel=\"canonical\" href=\"https:\/\/manuals.bio-circle.de\/backend\/\" \/>\n<meta property=\"og:locale\" content=\"de_DE\" \/>\n<meta property=\"og:type\" content=\"article\" \/>\n<meta property=\"og:title\" content=\"Bedienungsanleitungen als PDFs zum Download - Bio-Circle.de User Manuals &amp; Guides\" \/>\n<meta property=\"og:description\" content=\"[vc_section el_class=&#8220;container&#8220;][vc_row css=&#8220;.vc_custom_1773920993127{margin-top: 20px !important;}&#8220;][vc_column][vc_column_text css=&#8220;&#8220;] So finden Sie Ihre Bedienungsanleitung: Das Typenschild finden Sie auf Ihrer Maschine [\/vc_column_text][\/vc_column][\/vc_row][vc_row][vc_column width=&#8220;1\/3&#8243;][\/vc_column][vc_column width=&#8220;1\/3&#8243;][vc_single_image image=&#8220;137&#8243; img_size=&#8220;full&#8220; alignment=&#8220;center&#8220; onclick=&#8220;link_image&#8220; css=&#8220;.vc_custom_1773921999416{margin-bottom: 0px !important;}&#8220;][\/vc_column][vc_column width=&#8220;1\/3&#8243;][\/vc_column][\/vc_row][vc_row css=&#8220;.vc_custom_1773928455368{margin-top: 10px !important;margin-bottom: 30px !important;}&#8220;][vc_column][vc_column_text css=&#8220;.vc_custom_1773924855847{margin-bottom: 20px !important;}&#8220;] Geben Sie den Namen und das Jahr Ihrer Maschine in das Suchfeld ein. Alternativ k\u00f6nnen Sie \u00fcber die [&hellip;]\" \/>\n<meta property=\"og:url\" content=\"https:\/\/manuals.bio-circle.de\/backend\/\" \/>\n<meta property=\"og:site_name\" content=\"Bio-Circle.de User Manuals &amp; Guides\" \/>\n<meta property=\"article:modified_time\" content=\"2026-04-15T06:55:12+00:00\" \/>\n<meta name=\"twitter:card\" content=\"summary_large_image\" \/>\n<meta name=\"twitter:label1\" content=\"Gesch\u00e4tzte Lesezeit\" \/>\n\t<meta name=\"twitter:data1\" content=\"2\u00a0Minuten\" \/>\n<script type=\"application\/ld+json\" class=\"yoast-schema-graph\">{\"@context\":\"https:\/\/schema.org\",\"@graph\":[{\"@type\":\"WebPage\",\"@id\":\"https:\/\/manuals.bio-circle.de\/backend\/\",\"url\":\"https:\/\/manuals.bio-circle.de\/backend\/\",\"name\":\"Bedienungsanleitungen als PDFs zum Download - Bio-Circle.de User Manuals &amp; Guides\",\"isPartOf\":{\"@id\":\"https:\/\/manuals.bio-circle.de\/backend\/#website\"},\"datePublished\":\"2026-02-24T09:26:57+00:00\",\"dateModified\":\"2026-04-15T06:55:12+00:00\",\"breadcrumb\":{\"@id\":\"https:\/\/manuals.bio-circle.de\/backend\/#breadcrumb\"},\"inLanguage\":\"de\",\"potentialAction\":[{\"@type\":\"ReadAction\",\"target\":[\"https:\/\/manuals.bio-circle.de\/backend\/\"]}]},{\"@type\":\"BreadcrumbList\",\"@id\":\"https:\/\/manuals.bio-circle.de\/backend\/#breadcrumb\",\"itemListElement\":[{\"@type\":\"ListItem\",\"position\":1,\"name\":\"Start\",\"item\":\"https:\/\/manuals.bio-circle.de\/backend\/\"},{\"@type\":\"ListItem\",\"position\":2,\"name\":\"Bedienungsanleitungen als PDFs zum Download\"}]},{\"@type\":\"WebSite\",\"@id\":\"https:\/\/manuals.bio-circle.de\/backend\/#website\",\"url\":\"https:\/\/manuals.bio-circle.de\/backend\/\",\"name\":\"Bio-Circle.de User Manuals &amp; Guides\",\"description\":\"\",\"potentialAction\":[{\"@type\":\"SearchAction\",\"target\":{\"@type\":\"EntryPoint\",\"urlTemplate\":\"https:\/\/manuals.bio-circle.de\/backend\/?s={search_term_string}\"},\"query-input\":{\"@type\":\"PropertyValueSpecification\",\"valueRequired\":true,\"valueName\":\"search_term_string\"}}],\"inLanguage\":\"de\"}]}<\/script>\n<!-- \/ Yoast SEO plugin. -->","yoast_head_json":{"title":"Bedienungsanleitungen als PDFs zum Download - Bio-Circle.de User Manuals &amp; Guides","robots":{"index":"index","follow":"follow","max-snippet":"max-snippet:-1","max-image-preview":"max-image-preview:large","max-video-preview":"max-video-preview:-1"},"canonical":"https:\/\/manuals.bio-circle.de\/backend\/","og_locale":"de_DE","og_type":"article","og_title":"Bedienungsanleitungen als PDFs zum Download - Bio-Circle.de User Manuals &amp; Guides","og_description":"[vc_section el_class=&#8220;container&#8220;][vc_row css=&#8220;.vc_custom_1773920993127{margin-top: 20px !important;}&#8220;][vc_column][vc_column_text css=&#8220;&#8220;] So finden Sie Ihre Bedienungsanleitung: Das Typenschild finden Sie auf Ihrer Maschine [\/vc_column_text][\/vc_column][\/vc_row][vc_row][vc_column width=&#8220;1\/3&#8243;][\/vc_column][vc_column width=&#8220;1\/3&#8243;][vc_single_image image=&#8220;137&#8243; img_size=&#8220;full&#8220; alignment=&#8220;center&#8220; onclick=&#8220;link_image&#8220; css=&#8220;.vc_custom_1773921999416{margin-bottom: 0px !important;}&#8220;][\/vc_column][vc_column width=&#8220;1\/3&#8243;][\/vc_column][\/vc_row][vc_row css=&#8220;.vc_custom_1773928455368{margin-top: 10px !important;margin-bottom: 30px !important;}&#8220;][vc_column][vc_column_text css=&#8220;.vc_custom_1773924855847{margin-bottom: 20px !important;}&#8220;] Geben Sie den Namen und das Jahr Ihrer Maschine in das Suchfeld ein. Alternativ k\u00f6nnen Sie \u00fcber die [&hellip;]","og_url":"https:\/\/manuals.bio-circle.de\/backend\/","og_site_name":"Bio-Circle.de User Manuals &amp; Guides","article_modified_time":"2026-04-15T06:55:12+00:00","twitter_card":"summary_large_image","twitter_misc":{"Gesch\u00e4tzte Lesezeit":"2\u00a0Minuten"},"schema":{"@context":"https:\/\/schema.org","@graph":[{"@type":"WebPage","@id":"https:\/\/manuals.bio-circle.de\/backend\/","url":"https:\/\/manuals.bio-circle.de\/backend\/","name":"Bedienungsanleitungen als PDFs zum Download - Bio-Circle.de User Manuals &amp; Guides","isPartOf":{"@id":"https:\/\/manuals.bio-circle.de\/backend\/#website"},"datePublished":"2026-02-24T09:26:57+00:00","dateModified":"2026-04-15T06:55:12+00:00","breadcrumb":{"@id":"https:\/\/manuals.bio-circle.de\/backend\/#breadcrumb"},"inLanguage":"de","potentialAction":[{"@type":"ReadAction","target":["https:\/\/manuals.bio-circle.de\/backend\/"]}]},{"@type":"BreadcrumbList","@id":"https:\/\/manuals.bio-circle.de\/backend\/#breadcrumb","itemListElement":[{"@type":"ListItem","position":1,"name":"Start","item":"https:\/\/manuals.bio-circle.de\/backend\/"},{"@type":"ListItem","position":2,"name":"Bedienungsanleitungen als PDFs zum Download"}]},{"@type":"WebSite","@id":"https:\/\/manuals.bio-circle.de\/backend\/#website","url":"https:\/\/manuals.bio-circle.de\/backend\/","name":"Bio-Circle.de User Manuals &amp; Guides","description":"","potentialAction":[{"@type":"SearchAction","target":{"@type":"EntryPoint","urlTemplate":"https:\/\/manuals.bio-circle.de\/backend\/?s={search_term_string}"},"query-input":{"@type":"PropertyValueSpecification","valueRequired":true,"valueName":"search_term_string"}}],"inLanguage":"de"}]}},"_links":{"self":[{"href":"https:\/\/manuals.bio-circle.de\/backend\/wp-json\/wp\/v2\/pages\/10","targetHints":{"allow":["GET"]}}],"collection":[{"href":"https:\/\/manuals.bio-circle.de\/backend\/wp-json\/wp\/v2\/pages"}],"about":[{"href":"https:\/\/manuals.bio-circle.de\/backend\/wp-json\/wp\/v2\/types\/page"}],"author":[{"embeddable":true,"href":"https:\/\/manuals.bio-circle.de\/backend\/wp-json\/wp\/v2\/users\/1"}],"replies":[{"embeddable":true,"href":"https:\/\/manuals.bio-circle.de\/backend\/wp-json\/wp\/v2\/comments?post=10"}],"version-history":[{"count":35,"href":"https:\/\/manuals.bio-circle.de\/backend\/wp-json\/wp\/v2\/pages\/10\/revisions"}],"predecessor-version":[{"id":151,"href":"https:\/\/manuals.bio-circle.de\/backend\/wp-json\/wp\/v2\/pages\/10\/revisions\/151"}],"wp:attachment":[{"href":"https:\/\/manuals.bio-circle.de\/backend\/wp-json\/wp\/v2\/media?parent=10"}],"curies":[{"name":"wp","href":"https:\/\/api.w.org\/{rel}","templated":true}]}}